{"id":418,"date":"2019-12-03T19:39:53","date_gmt":"2019-12-03T18:39:53","guid":{"rendered":"http:\/\/coeursdisposes.org\/?page_id=418"},"modified":"2020-05-04T18:56:57","modified_gmt":"2020-05-04T16:56:57","slug":"lorphelinat","status":"publish","type":"page","link":"https:\/\/coeursdisposes.org\/index.php\/lorphelinat\/","title":{"rendered":"le foyer d&rsquo;accueil"},"content":{"rendered":"<p>[vc_row][vc_column][vc_column_text]<\/p>\r\n<p class=\"has-text-align-left\" style=\"font-size: 24px;\"><br \/><\/p>\r\n<p class=\"has-text-align-left\" style=\"font-size: 24px;\"><\/p>\r\n<p class=\"has-text-align-left\" style=\"font-size: 24px;\"><!-- \/wp:paragraph --><\/p>\r\n<p>[\/vc_column_text][vc_text_separator title=\u00a0\u00bb<\/p>\r\n<h1>LE FOYER D&rsquo;ACCUEIL\u00a0\u00bb color=\u00a0\u00bbcustom\u00a0\u00bb border_width=\u00a0\u00bb7&Prime; accent_color=\u00a0\u00bb#df0101&Prime;][\/vc_column][\/vc_row][vc_row][vc_column][vc_column_text]<\/h1>\r\n<h2><u>L\u2019orphelinat de Saint-Marc<\/u><\/h2>\r\n<p style=\"font-size: 20px;\">Suite \u00e0 la <a href=\"https:\/\/www.youtube.com\/watch?v=RsJDFRnE4xg&amp;t=290s\"><strong>mission<\/strong><\/a> qui a \u00e9t\u00e9 organis\u00e9e en Ha\u00efti dans la ville de St-Marc en octobre dernier, nous avons r\u00e9solu, au vu des besoins observ\u00e9s, de mettre en place un orphelinat.<!-- \/wp:paragraph --><\/p>\r\n<h1><!-- wp:paragraph {\"customFontSize\":24} --><\/h1>\r\n<p style=\"font-size: 20px;\">En effet, nous avons rencontr\u00e9 plusieurs enfants abandonn\u00e9s par leurs parents, vivants dehors sans abri, sans aller \u00e0 l&rsquo;\u00e9cole et n&rsquo;ayant pas de quoi se nourrir. Certains d\u2019entre eux pour manger ont \u00e9t\u00e9 contraints d\u2019effectuer des travaux domestiques chez les habitants comme le lavage de voitures, travaux p\u00e9nibles pour leurs \u00e2ges. Compte tenu de leurs conditions vie de rue, \u00a0ils \u00e9taient vou\u00e9s \u00e0 eux-m\u00eames et expos\u00e9s aux dangers de la rue : violences, tabac, drogue.<!-- \/wp:paragraph --><\/p>\r\n<h1><!-- wp:paragraph {\"customFontSize\":24} --><\/h1>\r\n<p style=\"font-size: 20px;\">Nous avons recueilli, depuis le mois d\u2019octobre 2019, 6 jeunes gar\u00e7ons \u00e2g\u00e9s de 10 \u00e0 16 ans que nous avons rencontr\u00e9s lors de la mission. Nous leur avons pr\u00each\u00e9 la parole et ils ont accept\u00e9 le Seigneur Y\u00e9hoshua. Une maison a \u00e9t\u00e9 lou\u00e9 pour une dur\u00e9e de 1 an afin de les loger en attendant la construction de l\u2019orphelinat.<\/p>\r\n<p style=\"font-size: 20px;\">Les enfants ont \u00e9t\u00e9 scolaris\u00e9s, nourris, habill\u00e9s par nos soins gr\u00e2ce \u00e0 Yehoshua, accompagn\u00e9s et encadr\u00e9s par une \u00e9quipe sur place. Nous croyons qu&rsquo;il est le P\u00e8re des orphelins, et qu&rsquo;Il ne les a pas abandonn\u00e9s ! Ainsi, nous voulons agir en leur faveur en leur permettant d&rsquo;avoir un toit.<\/p>\r\n<p class=\"has-text-align-left\" style=\"font-size: 20px;\"><!-- \/wp:paragraph --><\/p>\r\n<p class=\"has-text-align-left\" style=\"font-size: 20px;\"><!-- \/wp:paragraph --><\/p>\r\n<p>[\/vc_column_text][\/vc_column][\/vc_row][vc_row][vc_column][vc_media_grid grid_id=\u00a0\u00bbvc_gid:1588611402258-4d07ca2f-86ce-10&Prime; include=\u00a0\u00bb1154,792&Prime;][\/vc_column][\/vc_row][vc_row][vc_column][vc_column_text]<\/p>\r\n<p>&nbsp;<\/p>\r\n<h2><u>Le d\u00e9placement de l\u2019orphelinat \u00e0 Port-au-Prince.<\/u><\/h2>\r\n<p style=\"font-size: 20px;\">Au d\u00e9but de l&rsquo;ann\u00e9e 2020, nous avons observ\u00e9 des lacunes quant au fonctionnement de la structure avec l&rsquo;\u00e9quipe de Saint-Marc. Malheureusement, notre collaboration n&rsquo;a pas pu continuer. Suite \u00e0 cela, nous avons d\u00e9cid\u00e9 d&rsquo;un commun accord de d\u00e9placer l&rsquo;orphelinat dans la capitale, \u00e0 Port-au-Prince (Ha\u00efti) avec une nouvelle \u00e9quipe de fr\u00e8res et de s\u0153urs. L&rsquo;\u00e9quipe de C\u0153urs Dispos\u00e9s a de nouveau lou\u00e9 une maison afin que les jeunes soient log\u00e9s.<\/p>\r\n<p class=\"has-text-align-left\" style=\"font-size: 20px;\"><!-- \/wp:paragraph --><br \/><!-- wp:paragraph {\"customFontSize\":24} --><\/p>\r\n<p>[\/vc_column_text][\/vc_column][\/vc_row][vc_row][vc_column][vc_media_grid grid_id=\u00a0\u00bbvc_gid:1588611402260-2d7c5651-f317-10&Prime; include=\u00a0\u00bb1667,1614&Prime;][\/vc_column][\/vc_row][vc_row][vc_column][vc_column_text]<\/p>\r\n<p>&nbsp;<\/p>\r\n<h2><u>Changement de d\u00e9nomination de la structure : de l&rsquo;Orphelinat au Foyer d\u2019accueil<\/u><\/h2>\r\n<p style=\"font-size: 20px;\">Au cours du mois de Mars 2020, de nombreuses investigations on \u00e9t\u00e9 men\u00e9es afin de retrouver les parents des enfants, car ils nous ont inform\u00e9 qu&rsquo;ils \u00e9taient, pour la plupart, toujours en vie. Nous avons pu rentrer en contact et \u00e9changer avec eux. Ce fut un beau moment o\u00f9 parents et enfants ont pu se retrouver. Ces derniers ont accept\u00e9 que les jeunes restent au sein de la structure afin d&rsquo;y \u00eatre log\u00e9s, scolaris\u00e9s et nourris. Gloire \u00e0 Y\u00e9hoshoua (J\u00e9sus).<\/p>\r\n<p style=\"font-size: 20px;\">Par cons\u00e9quent, il a \u00e9t\u00e9 d\u00e9cid\u00e9 de changer la d\u00e9nomination de la structure car les jeunes ne sont pas totalement orphelins. Nous sommes donc pass\u00e9 du statut \u00ab\u00a0<strong>d&rsquo;Orphelinat<\/strong>\u00a0\u00bb \u00e0 \u00ab\u00a0<strong>Foyer d&rsquo;accueil<\/strong>\u00a0\u00bb.<\/p>\r\n<p>[\/vc_column_text][\/vc_column][\/vc_row][vc_row][vc_column][vc_masonry_media_grid grid_id=\u00a0\u00bbvc_gid:1588611402261-f087fbf3-f71b-2&Prime; include=\u00a0\u00bb1671,1682&Prime;][\/vc_column][\/vc_row][vc_row][vc_column][vc_empty_space height=\u00a0\u00bb50px\u00a0\u00bb][\/vc_column][\/vc_row][vc_row][vc_column][vc_separator color=\u00a0\u00bbcustom\u00a0\u00bb accent_color=\u00a0\u00bb#dd3333&Prime;][\/vc_column][\/vc_row][vc_row][vc_column][vc_column_text]<\/p>\r\n<figure class=\"wp-block-pullquote\" style=\"border-color: #cf2e2e;\">\r\n<blockquote class=\"has-text-color has-vivid-red-color\">\r\n<p>Venez \u00e0 moi, vous tous qui \u00eates fatigu\u00e9s et charg\u00e9s, et je vous donnerai du repos.<\/p>\r\n<p><cite>Matthieu 11 : 28<\/cite><\/p>\r\n<\/blockquote>\r\n<\/figure>\r\n<p>[\/vc_column_text][\/vc_column][\/vc_row][vc_row][vc_column][vc_separator color=\u00a0\u00bbcustom\u00a0\u00bb accent_color=\u00a0\u00bb#dd3333&Prime;][\/vc_column][\/vc_row][vc_row][vc_column][vc_column_text]<\/p>\r\n<p>[\/vc_column_text][\/vc_column][\/vc_row][vc_row][vc_column][vc_column_text]<\/p>\r\n<p>[\/vc_column_text][\/vc_column][\/vc_row]<\/p>","protected":false},"excerpt":{"rendered":"<div class=\"tmnf_excerpt\"><p>[vc_row][vc_column][vc_column_text] [\/vc_column_text][vc_text_separator title=\u00a0\u00bb LE FOYER<\/p>\n<\/div>","protected":false},"author":1,"featured_media":0,"parent":0,"menu_order":0,"comment_status":"closed","ping_status":"closed","template":"","meta":{"give_campaign_id":0,"_bbp_topic_count":0,"_bbp_reply_count":0,"_bbp_total_topic_count":0,"_bbp_total_reply_count":0,"_bbp_voice_count":0,"_bbp_anonymous_reply_count":0,"_bbp_topic_count_hidden":0,"_bbp_reply_count_hidden":0,"_bbp_forum_subforum_count":0,"_monsterinsights_skip_tracking":false,"_monsterinsights_sitenote_active":false,"_monsterinsights_sitenote_note":"","_monsterinsights_sitenote_category":0,"kk_blocks_editor_width":"","_kiokenblocks_attr":"","_kiokenblocks_dimensions":"","footnotes":""},"class_list":["post-418","page","type-page","status-publish","hentry"],"aioseo_notices":[],"campaignId":"","_links":{"self":[{"href":"https:\/\/coeursdisposes.org\/index.php\/wp-json\/wp\/v2\/pages\/418","targetHints":{"allow":["GET"]}}],"collection":[{"href":"https:\/\/coeursdisposes.org\/index.php\/wp-json\/wp\/v2\/pages"}],"about":[{"href":"https:\/\/coeursdisposes.org\/index.php\/wp-json\/wp\/v2\/types\/page"}],"author":[{"embeddable":true,"href":"https:\/\/coeursdisposes.org\/index.php\/wp-json\/wp\/v2\/users\/1"}],"replies":[{"embeddable":true,"href":"https:\/\/coeursdisposes.org\/index.php\/wp-json\/wp\/v2\/comments?post=418"}],"version-history":[{"count":117,"href":"https:\/\/coeursdisposes.org\/index.php\/wp-json\/wp\/v2\/pages\/418\/revisions"}],"predecessor-version":[{"id":2194,"href":"https:\/\/coeursdisposes.org\/index.php\/wp-json\/wp\/v2\/pages\/418\/revisions\/2194"}],"wp:attachment":[{"href":"https:\/\/coeursdisposes.org\/index.php\/wp-json\/wp\/v2\/media?parent=418"}],"curies":[{"name":"wp","href":"https:\/\/api.w.org\/{rel}","templated":true}]}}