{"id":502,"date":"2019-12-10T23:43:02","date_gmt":"2019-12-10T22:43:02","guid":{"rendered":"http:\/\/coeursdisposes.org\/?page_id=502"},"modified":"2020-05-03T23:56:38","modified_gmt":"2020-05-03T21:56:38","slug":"notre-histoire","status":"publish","type":"page","link":"https:\/\/coeursdisposes.org\/index.php\/notre-histoire\/","title":{"rendered":"Notre histoire"},"content":{"rendered":"<p>[vc_row][vc_column][vc_column_text][\/vc_column_text][vc_text_separator title=\u00a0\u00bb<\/p>\r\n<h1>NOTRE HISTOIRE\u00a0\u00bb color=\u00a0\u00bbcustom\u00a0\u00bb border_width=\u00a0\u00bb7&Prime; accent_color=\u00a0\u00bb#df0101&Prime;][\/vc_column][\/vc_row][vc_row][vc_column][vc_video link=\u00a0\u00bbhttps:\/\/www.youtube.com\/watch?v=7nL1BBQ0fCc\u00a0\u00bb][\/vc_column][\/vc_row][vc_row][vc_column][vc_column_text]<\/h1>\r\n<p style=\"font-size: 20px;\">En d\u00e9but d&rsquo;ann\u00e9e 2019, il a \u00e9t\u00e9 d\u00e9cid\u00e9 de mettre en place une mission pour Ha\u00efti. Cette derni\u00e8re avait pour but de soutenir la population de mani\u00e8re:<\/p>\r\n<ul>\r\n<li style=\"font-size: 20px;\">sociale (dons de v\u00eatements, de denr\u00e9es alimentaires, de produits d&rsquo;hygi\u00e8ne)<\/li>\r\n<li style=\"font-size: 20px;\">spirituelle par la pri\u00e8re et l&rsquo;\u00e9vang\u00e9lisation en apportant l&rsquo;amour du Seigneur.<\/li>\r\n<\/ul>\r\n<h1><\/h1>\r\n<p style=\"font-size: 20px;\">Pour cette mission, des fr\u00e8res et s\u0153urs de France, du Canada et des Antilles se sont accord\u00e9s pour concr\u00e9tiser ce projet.<\/p>\r\n<h1><\/h1>\r\n<p style=\"font-size: 20px;\">Le 29 Septembre 2019, nous sommes partis pour Ha\u00efti, le pays connaissait une crise politique et \u00e9conomique qui durait d\u00e9j\u00e0 depuis plusieurs mois. Ce dernier \u00e9tait compl\u00e8tement bloqu\u00e9, les routes n&rsquo;\u00e9taient pas accessibles, bloqu\u00e9es par les manifestants et les \u00e9coles \u00e9taient ferm\u00e9es.<\/p>\r\n<h1><\/h1>\r\n<p style=\"font-size: 20px;\">Nous avons pu annoncer l&rsquo;\u00c9vangile, soutenir les d\u00e9munis, des v\u00eatements ainsi que des denr\u00e9es alimentaires ont \u00e9t\u00e9 distribu\u00e9es. Certaines femmes ont abandonn\u00e9 la prostitution pour suivre Y\u00e9hoshoua, plusieurs personnes ont pris leurs bapt\u00eames.<\/p>\r\n<h1><\/h1>\r\n<p style=\"font-size: 20px;\">Lors d&rsquo;une de nos sorties d&rsquo;\u00c9vang\u00e9lisation, nous avons fait la rencontre de jeunes gar\u00e7ons \u00e2g\u00e9s de 10 \u00e0 16 ans qui vivaient dans la rue. Leur situation nous a particuli\u00e8rement marqu\u00e9. Nous leur avons fait la promesse de nous souvenir d&rsquo;eux \u00e0 notre retour.<\/p>\r\n<h1><\/h1>\r\n<p style=\"font-size: 20px;\">D\u00e8s notre retour en France, nous avons donc cr\u00e9\u00e9 l&rsquo;association afin de leur venir en aide. \u00c0 travers cette derni\u00e8re, nous avons lou\u00e9 une maison afin de loger les enfants que nous avons rencontr\u00e9s. <a href=\"https:\/\/coeursdisposes.org\/index.php\/lorphelinat\/\"><strong><em>Voir foyer d&rsquo;accueil<\/em><\/strong><\/a><\/p>\r\n<p style=\"font-size: 20px;\"><\/p>\r\n<p style=\"font-size: 20px;\"><\/p>\r\n<figure class=\"wp-block-pullquote\" style=\"border-color: #cf2e2e;\">\r\n<blockquote class=\"has-text-color has-vivid-red-color\">\r\n<p>La religion pure et sans souillure devant notre Eloh\u00eem et P\u00e8re, c&rsquo;est de visiter les orphelins et les veuves dans leurs tribulations, et de se conserver sans tache loin du monde<\/p>\r\n<p><cite>Yaacov (Jacques) 1:27<\/cite><\/p>\r\n<\/blockquote>\r\n<\/figure>\r\n<p>&nbsp;<\/p>\r\n<p style=\"font-size: 20px;\"><\/p>\r\n<p style=\"font-size: 20px;\"><\/p>\r\n<p>[\/vc_column_text][\/vc_column][\/vc_row]<\/p>","protected":false},"excerpt":{"rendered":"<div class=\"tmnf_excerpt\"><p>[vc_row][vc_column][vc_column_text][\/vc_column_text][vc_text_separator title=\u00a0\u00bb NOTRE HISTOIRE\u00a0\u00bb color=\u00a0\u00bbcustom\u00a0\u00bb<\/p>\n<\/div>","protected":false},"author":1,"featured_media":0,"parent":0,"menu_order":0,"comment_status":"closed","ping_status":"closed","template":"","meta":{"give_campaign_id":0,"_bbp_topic_count":0,"_bbp_reply_count":0,"_bbp_total_topic_count":0,"_bbp_total_reply_count":0,"_bbp_voice_count":0,"_bbp_anonymous_reply_count":0,"_bbp_topic_count_hidden":0,"_bbp_reply_count_hidden":0,"_bbp_forum_subforum_count":0,"_monsterinsights_skip_tracking":false,"_monsterinsights_sitenote_active":false,"_monsterinsights_sitenote_note":"","_monsterinsights_sitenote_category":0,"kk_blocks_editor_width":"","_kiokenblocks_attr":"","_kiokenblocks_dimensions":"","footnotes":""},"class_list":["post-502","page","type-page","status-publish","hentry"],"aioseo_notices":[],"campaignId":"","_links":{"self":[{"href":"https:\/\/coeursdisposes.org\/index.php\/wp-json\/wp\/v2\/pages\/502","targetHints":{"allow":["GET"]}}],"collection":[{"href":"https:\/\/coeursdisposes.org\/index.php\/wp-json\/wp\/v2\/pages"}],"about":[{"href":"https:\/\/coeursdisposes.org\/index.php\/wp-json\/wp\/v2\/types\/page"}],"author":[{"embeddable":true,"href":"https:\/\/coeursdisposes.org\/index.php\/wp-json\/wp\/v2\/users\/1"}],"replies":[{"embeddable":true,"href":"https:\/\/coeursdisposes.org\/index.php\/wp-json\/wp\/v2\/comments?post=502"}],"version-history":[{"count":37,"href":"https:\/\/coeursdisposes.org\/index.php\/wp-json\/wp\/v2\/pages\/502\/revisions"}],"predecessor-version":[{"id":2188,"href":"https:\/\/coeursdisposes.org\/index.php\/wp-json\/wp\/v2\/pages\/502\/revisions\/2188"}],"wp:attachment":[{"href":"https:\/\/coeursdisposes.org\/index.php\/wp-json\/wp\/v2\/media?parent=502"}],"curies":[{"name":"wp","href":"https:\/\/api.w.org\/{rel}","templated":true}]}}