{"id":893,"date":"2019-12-15T17:22:24","date_gmt":"2019-12-15T16:22:24","guid":{"rendered":"http:\/\/coeursdisposes.org\/?page_id=893"},"modified":"2024-12-26T13:12:52","modified_gmt":"2024-12-26T12:12:52","slug":"noussoutenir","status":"publish","type":"page","link":"https:\/\/coeursdisposes.org\/index.php\/noussoutenir\/","title":{"rendered":"Nous soutenir"},"content":{"rendered":"\t\t<div data-elementor-type=\"wp-page\" data-elementor-id=\"893\" class=\"elementor elementor-893\">\n\t\t\t\t\t\t<section class=\"elementor-section elementor-top-section elementor-element elementor-element-d5bbc94 elementor-section-boxed elementor-section-height-default elementor-section-height-default\" data-id=\"d5bbc94\" data-element_type=\"section\" data-e-type=\"section\">\n\t\t\t\t\t\t<div class=\"elementor-container elementor-column-gap-default\">\n\t\t\t\t\t<div class=\"elementor-column elementor-col-100 elementor-top-column elementor-element elementor-element-308b0ac8\" data-id=\"308b0ac8\" data-element_type=\"column\" data-e-type=\"column\">\n\t\t\t<div class=\"elementor-widget-wrap elementor-element-populated\">\n\t\t\t\t\t\t<div class=\"elementor-element elementor-element-623580ae elementor-widget elementor-widget-text-editor\" data-id=\"623580ae\" data-element_type=\"widget\" data-e-type=\"widget\" data-widget_type=\"text-editor.default\">\n\t\t\t\t\t\t\t\t\t<h4 style=\"font-size: 27px; text-align: center;\">Comment<strong> nous soutenir ?\u00a0<\/strong><\/h4><p style=\"font-size: 20px;\"><span style=\"color: #000000;\">Vous pouvez nous soutenir premi\u00e8rement dans la pri\u00e8re afin que l&rsquo;\u0153uvre que le Seigneur Y\u00e9hoshoua nous a confi\u00e9e puisse s&rsquo;\u00e9tendre d&rsquo;avantage et porter encore plus de fruits.<\/span><\/p><p style=\"font-size: 20px;\"><span style=\"color: #000000;\">Ensuite financi\u00e8rement de mani\u00e8re occasionnelle ou r\u00e9guli\u00e8re, pour l&rsquo;avancement de cette oeuvre, cela en toute libert\u00e9.<\/span><\/p><p style=\"font-size: 20px; text-align: center;\"><span style=\"color: #000000; text-align: center;\">Merci pour vos dons !<\/span><\/p><p>\u00a0<\/p>\t\t\t\t\t\t\t\t<\/div>\n\t\t\t\t\t<\/div>\n\t\t<\/div>\n\t\t\t\t\t<\/div>\n\t\t<\/section>\n\t\t\t\t<section class=\"elementor-section elementor-top-section elementor-element elementor-element-266d779 elementor-section-boxed elementor-section-height-default elementor-section-height-default\" data-id=\"266d779\" data-element_type=\"section\" data-e-type=\"section\">\n\t\t\t\t\t\t<div class=\"elementor-container elementor-column-gap-default\">\n\t\t\t\t\t<div class=\"elementor-column elementor-col-100 elementor-top-column elementor-element elementor-element-7f20059\" data-id=\"7f20059\" data-element_type=\"column\" data-e-type=\"column\">\n\t\t\t<div class=\"elementor-widget-wrap elementor-element-populated\">\n\t\t\t\t\t\t<div class=\"elementor-element elementor-element-9e84a44 elementor-widget-divider--view-line_text elementor-widget-divider--element-align-center elementor-widget elementor-widget-divider\" data-id=\"9e84a44\" data-element_type=\"widget\" data-e-type=\"widget\" data-widget_type=\"divider.default\">\n\t\t\t\t\t\t\t<div class=\"elementor-divider\">\n\t\t\t<span class=\"elementor-divider-separator\">\n\t\t\t\t\t\t\t<span class=\"elementor-divider__text elementor-divider__element\">\n\t\t\t\t<h6>Pour soutenir la vision (France) \ud83c\uddeb\ud83c\uddf7<\/h6>\t\t\t\t<\/span>\n\t\t\t\t\t\t<\/span>\n\t\t<\/div>\n\t\t\t\t\t\t<\/div>\n\t\t\t\t<div class=\"elementor-element elementor-element-2f02d2f elementor-widget elementor-widget-image\" data-id=\"2f02d2f\" data-element_type=\"widget\" data-e-type=\"widget\" data-widget_type=\"image.default\">\n\t\t\t\t\t\t\t\t\t\t\t\t\t\t\t<img fetchpriority=\"high\" decoding=\"async\" width=\"1024\" height=\"568\" src=\"https:\/\/coeursdisposes.org\/wp-content\/uploads\/2024\/02\/Procedure-virement-1024x568.jpg\" class=\"attachment-large size-large wp-image-7055\" alt=\"\" srcset=\"https:\/\/coeursdisposes.org\/wp-content\/uploads\/2024\/02\/Procedure-virement-1024x568.jpg 1024w, https:\/\/coeursdisposes.org\/wp-content\/uploads\/2024\/02\/Procedure-virement-300x166.jpg 300w, https:\/\/coeursdisposes.org\/wp-content\/uploads\/2024\/02\/Procedure-virement-768x426.jpg 768w, https:\/\/coeursdisposes.org\/wp-content\/uploads\/2024\/02\/Procedure-virement.jpg 1120w\" sizes=\"(max-width: 1024px) 100vw, 1024px\" \/>\t\t\t\t\t\t\t\t\t\t\t\t\t\t\t<\/div>\n\t\t\t\t<div class=\"elementor-element elementor-element-e482aef elementor-widget elementor-widget-spacer\" data-id=\"e482aef\" data-element_type=\"widget\" data-e-type=\"widget\" data-widget_type=\"spacer.default\">\n\t\t\t\t\t\t\t<div class=\"elementor-spacer\">\n\t\t\t<div class=\"elementor-spacer-inner\"><\/div>\n\t\t<\/div>\n\t\t\t\t\t\t<\/div>\n\t\t\t\t\t<\/div>\n\t\t<\/div>\n\t\t\t\t\t<\/div>\n\t\t<\/section>\n\t\t\t\t<section class=\"elementor-section elementor-top-section elementor-element elementor-element-85495cc elementor-section-boxed elementor-section-height-default elementor-section-height-default\" data-id=\"85495cc\" data-element_type=\"section\" data-e-type=\"section\">\n\t\t\t\t\t\t<div class=\"elementor-container elementor-column-gap-default\">\n\t\t\t\t\t<div class=\"elementor-column elementor-col-50 elementor-top-column elementor-element elementor-element-91455d3\" data-id=\"91455d3\" data-element_type=\"column\" data-e-type=\"column\" data-settings=\"{&quot;background_background&quot;:&quot;gradient&quot;}\">\n\t\t\t<div class=\"elementor-widget-wrap elementor-element-populated\">\n\t\t\t\t\t\t<div class=\"elementor-element elementor-element-1a6e8e7 elementor-widget elementor-widget-text-editor\" data-id=\"1a6e8e7\" data-element_type=\"widget\" data-e-type=\"widget\" data-widget_type=\"text-editor.default\">\n\t\t\t\t\t\t\t\t\t<p style=\"font-size: 23px; text-align: center;\"><strong>Par ch\u00e8que<\/strong><\/p><p style=\"font-size: 20px;\"><span style=\"color: #000000;\">A l\u2019ordre : Coeurs dispos\u00e9s<\/span><\/p><p style=\"font-size: 20px;\"><span style=\"color: #000000;\">Adresse :\u00a011 Rue de la Platri\u00e8re, Herblay-sur-Seine<\/span><\/p>\t\t\t\t\t\t\t\t<\/div>\n\t\t\t\t\t<\/div>\n\t\t<\/div>\n\t\t\t\t<div class=\"elementor-column elementor-col-50 elementor-top-column elementor-element elementor-element-83f653b\" data-id=\"83f653b\" data-element_type=\"column\" data-e-type=\"column\">\n\t\t\t<div class=\"elementor-widget-wrap elementor-element-populated\">\n\t\t\t\t\t\t<div class=\"elementor-element elementor-element-9d84d12 elementor-widget elementor-widget-text-editor\" data-id=\"9d84d12\" data-element_type=\"widget\" data-e-type=\"widget\" data-widget_type=\"text-editor.default\">\n\t\t\t\t\t\t\t\t\t<p style=\"font-size: 23px; text-align: center;\"><strong>Par virement<\/strong><\/p>\t\t\t\t\t\t\t\t<\/div>\n\t\t\t\t<div class=\"elementor-element elementor-element-18fa6a8 elementor-widget elementor-widget-image\" data-id=\"18fa6a8\" data-element_type=\"widget\" data-e-type=\"widget\" data-widget_type=\"image.default\">\n\t\t\t\t\t\t\t\t\t\t\t\t\t\t\t<img decoding=\"async\" width=\"768\" height=\"161\" src=\"https:\/\/coeursdisposes.org\/wp-content\/uploads\/2021\/01\/Capture-decran-2021-01-17-a-19.58.23-768x161.png\" class=\"attachment-medium_large size-medium_large wp-image-4682\" alt=\"\" srcset=\"https:\/\/coeursdisposes.org\/wp-content\/uploads\/2021\/01\/Capture-decran-2021-01-17-a-19.58.23-768x161.png 768w, https:\/\/coeursdisposes.org\/wp-content\/uploads\/2021\/01\/Capture-decran-2021-01-17-a-19.58.23-300x63.png 300w, https:\/\/coeursdisposes.org\/wp-content\/uploads\/2021\/01\/Capture-decran-2021-01-17-a-19.58.23-1024x214.png 1024w, https:\/\/coeursdisposes.org\/wp-content\/uploads\/2021\/01\/Capture-decran-2021-01-17-a-19.58.23-1536x321.png 1536w, https:\/\/coeursdisposes.org\/wp-content\/uploads\/2021\/01\/Capture-decran-2021-01-17-a-19.58.23-2048x429.png 2048w, https:\/\/coeursdisposes.org\/wp-content\/uploads\/2021\/01\/Capture-decran-2021-01-17-a-19.58.23-600x126.png 600w\" sizes=\"(max-width: 768px) 100vw, 768px\" \/>\t\t\t\t\t\t\t\t\t\t\t\t\t\t\t<\/div>\n\t\t\t\t\t<\/div>\n\t\t<\/div>\n\t\t\t\t\t<\/div>\n\t\t<\/section>\n\t\t\t\t<section class=\"elementor-section elementor-top-section elementor-element elementor-element-70d37d5 elementor-section-boxed elementor-section-height-default elementor-section-height-default\" data-id=\"70d37d5\" data-element_type=\"section\" data-e-type=\"section\">\n\t\t\t\t\t\t<div class=\"elementor-container elementor-column-gap-default\">\n\t\t\t\t\t<div class=\"elementor-column elementor-col-100 elementor-top-column elementor-element elementor-element-1039436\" data-id=\"1039436\" data-element_type=\"column\" data-e-type=\"column\">\n\t\t\t<div class=\"elementor-widget-wrap elementor-element-populated\">\n\t\t\t\t\t\t<div class=\"elementor-element elementor-element-4fa1c9d elementor-widget elementor-widget-text-editor\" data-id=\"4fa1c9d\" data-element_type=\"widget\" data-e-type=\"widget\" data-widget_type=\"text-editor.default\">\n\t\t\t\t\t\t\t\t\t<p style=\"font-size: 23px; text-align: center;\"><span style=\"text-decoration: underline;\"><strong>Par paypal\u00a0<\/strong><\/span><\/p>\t\t\t\t\t\t\t\t<\/div>\n\t\t\t\t<div class=\"elementor-element elementor-element-77c999b elementor-widget elementor-widget-html\" data-id=\"77c999b\" data-element_type=\"widget\" data-e-type=\"widget\" data-widget_type=\"html.default\">\n\t\t\t\t\t<\/p>\r\n<center><form action=\"https:\/\/www.paypal.com\/donate\" method=\"post\" target=\"_top\">\r\n<input type=\"hidden\" name=\"hosted_button_id\" value=\"MZMX7M5ETFRBQ\" \/>\r\n<input type=\"image\" src=\"https:\/\/www.paypalobjects.com\/fr_FR\/FR\/i\/btn\/btn_donateCC_LG.gif\" border=\"0\" name=\"submit\" title=\"PayPal - The safer, easier way to pay online!\" alt=\"Bouton Faites un don avec PayPal\" \/>\r\n<img decoding=\"async\" alt=\"\" border=\"0\" src=\"https:\/\/www.paypal.com\/fr_FR\/i\/scr\/pixel.gif\" width=\"1\" height=\"1\" \/> \r\n<\/form>\r\n<\/center>\r\n\t\t\t\t<\/div>\n\t\t\t\t\t<\/div>\n\t\t<\/div>\n\t\t\t\t\t<\/div>\n\t\t<\/section>\n\t\t\t\t<section class=\"elementor-section elementor-top-section elementor-element elementor-element-b4b6c9d elementor-section-boxed elementor-section-height-default elementor-section-height-default\" data-id=\"b4b6c9d\" data-element_type=\"section\" data-e-type=\"section\">\n\t\t\t\t\t\t<div class=\"elementor-container elementor-column-gap-default\">\n\t\t\t\t\t<div class=\"elementor-column elementor-col-100 elementor-top-column elementor-element elementor-element-0a33ea2\" data-id=\"0a33ea2\" data-element_type=\"column\" data-e-type=\"column\">\n\t\t\t<div class=\"elementor-widget-wrap elementor-element-populated\">\n\t\t\t\t\t\t<div class=\"elementor-element elementor-element-1065dc5 elementor-widget-divider--view-line_text elementor-widget elementor-widget-divider\" data-id=\"1065dc5\" data-element_type=\"widget\" data-e-type=\"widget\" data-widget_type=\"divider.default\">\n\t\t\t\t\t\t\t<div class=\"elementor-divider\">\n\t\t\t<span class=\"elementor-divider-separator\">\n\t\t\t\t\t\t\t<span class=\"elementor-divider__text elementor-divider__element\">\n\t\t\t\t<h6>Pour soutenir la vision (Canada) <span style=\"font-size: 15px; color: rgb(119, 119, 119); font-weight: 500;\"><\/span>  &#127464;&#127462\t\t\t\t<\/span>\n\t\t\t\t\t\t<\/span>\n\t\t<\/div>\n\t\t\t\t\t\t<\/div>\n\t\t\t\t<div class=\"elementor-element elementor-element-728a9ae elementor-widget elementor-widget-image\" data-id=\"728a9ae\" data-element_type=\"widget\" data-e-type=\"widget\" data-widget_type=\"image.default\">\n\t\t\t\t\t\t\t\t\t\t\t\t\t\t\t<img loading=\"lazy\" decoding=\"async\" width=\"1024\" height=\"576\" src=\"https:\/\/coeursdisposes.org\/wp-content\/uploads\/2024\/01\/Procedure-virement-interact.jpg\" class=\"attachment-large size-large wp-image-6717\" alt=\"\" srcset=\"https:\/\/coeursdisposes.org\/wp-content\/uploads\/2024\/01\/Procedure-virement-interact.jpg 1024w, https:\/\/coeursdisposes.org\/wp-content\/uploads\/2024\/01\/Procedure-virement-interact-300x169.jpg 300w, https:\/\/coeursdisposes.org\/wp-content\/uploads\/2024\/01\/Procedure-virement-interact-768x432.jpg 768w, https:\/\/coeursdisposes.org\/wp-content\/uploads\/2024\/01\/Procedure-virement-interact-600x338.jpg 600w\" sizes=\"(max-width: 1024px) 100vw, 1024px\" \/>\t\t\t\t\t\t\t\t\t\t\t\t\t\t\t<\/div>\n\t\t\t\t<div class=\"elementor-element elementor-element-39ebd3a elementor-widget elementor-widget-spacer\" data-id=\"39ebd3a\" data-element_type=\"widget\" data-e-type=\"widget\" data-widget_type=\"spacer.default\">\n\t\t\t\t\t\t\t<div class=\"elementor-spacer\">\n\t\t\t<div class=\"elementor-spacer-inner\"><\/div>\n\t\t<\/div>\n\t\t\t\t\t\t<\/div>\n\t\t\t\t\t<\/div>\n\t\t<\/div>\n\t\t\t\t\t<\/div>\n\t\t<\/section>\n\t\t\t\t<section class=\"elementor-section elementor-top-section elementor-element elementor-element-38c83b5 elementor-section-boxed elementor-section-height-default elementor-section-height-default\" data-id=\"38c83b5\" data-element_type=\"section\" data-e-type=\"section\">\n\t\t\t\t\t\t<div class=\"elementor-container elementor-column-gap-default\">\n\t\t\t\t\t<div class=\"elementor-column elementor-col-100 elementor-top-column elementor-element elementor-element-b924b39\" data-id=\"b924b39\" data-element_type=\"column\" data-e-type=\"column\">\n\t\t\t<div class=\"elementor-widget-wrap elementor-element-populated\">\n\t\t\t\t\t\t<div class=\"elementor-element elementor-element-7ba5517 elementor-widget elementor-widget-heading\" data-id=\"7ba5517\" data-element_type=\"widget\" data-e-type=\"widget\" data-widget_type=\"heading.default\">\n\t\t\t\t\t<h2 class=\"elementor-heading-title elementor-size-medium\"><p style=\"font-size: 23px;text-align: center\"><strong>Par virement interac<\/h2>\t\t\t\t<\/div>\n\t\t\t\t\t<\/div>\n\t\t<\/div>\n\t\t\t\t\t<\/div>\n\t\t<\/section>\n\t\t\t\t<section class=\"elementor-section elementor-top-section elementor-element elementor-element-9f2c5d1 elementor-section-boxed elementor-section-height-default elementor-section-height-default\" data-id=\"9f2c5d1\" data-element_type=\"section\" data-e-type=\"section\">\n\t\t\t\t\t\t<div class=\"elementor-container elementor-column-gap-default\">\n\t\t\t\t\t<div class=\"elementor-column elementor-col-100 elementor-top-column elementor-element elementor-element-fce522d\" data-id=\"fce522d\" data-element_type=\"column\" data-e-type=\"column\">\n\t\t\t<div class=\"elementor-widget-wrap elementor-element-populated\">\n\t\t\t\t\t\t<div class=\"elementor-element elementor-element-ba34bf8 elementor-widget elementor-widget-text-editor\" data-id=\"ba34bf8\" data-element_type=\"widget\" data-e-type=\"widget\" data-widget_type=\"text-editor.default\">\n\t\t\t\t\t\t\t\t\t<p style=\"text-align: center;\"><span style=\"color: #333333;\"><strong>coeursdisposes.can@gmail.com<\/strong><\/span><\/p><p style=\"text-align: center;\"><span style=\"color: #333333;\"><strong>Question : coeurs<\/strong><\/span><\/p><p style=\"text-align: center;\"><span style=\"color: #333333;\"><strong>R\u00e9ponse: dispos\u00e9s<\/strong><\/span><\/p>\t\t\t\t\t\t\t\t<\/div>\n\t\t\t\t\t<\/div>\n\t\t<\/div>\n\t\t\t\t\t<\/div>\n\t\t<\/section>\n\t\t\t\t<section class=\"elementor-section elementor-top-section elementor-element elementor-element-54f7edf elementor-section-boxed elementor-section-height-default elementor-section-height-default\" data-id=\"54f7edf\" data-element_type=\"section\" data-e-type=\"section\">\n\t\t\t\t\t\t<div class=\"elementor-container elementor-column-gap-default\">\n\t\t\t\t\t<div class=\"elementor-column elementor-col-100 elementor-top-column elementor-element elementor-element-7e59a1c\" data-id=\"7e59a1c\" data-element_type=\"column\" data-e-type=\"column\">\n\t\t\t<div class=\"elementor-widget-wrap elementor-element-populated\">\n\t\t\t\t\t\t<div class=\"elementor-element elementor-element-57c2412 elementor-widget elementor-widget-text-editor\" data-id=\"57c2412\" data-element_type=\"widget\" data-e-type=\"widget\" data-widget_type=\"text-editor.default\">\n\t\t\t\t\t\t\t\t\t<p style=\"font-size: 23px; text-align: center;\"><span style=\"text-decoration: underline;\"><strong>Par paypal\u00a0<\/strong><\/span><\/p>\n<p style=\"font-size: 23px; text-align: center;\"><\/p>\t\t\t\t\t\t\t\t<\/div>\n\t\t\t\t<div class=\"elementor-element elementor-element-4817ed8 elementor-widget elementor-widget-html\" data-id=\"4817ed8\" data-element_type=\"widget\" data-e-type=\"widget\" data-widget_type=\"html.default\">\n\t\t\t\t\t<p>\n<center> <strong>\ndollars (CAD) &#x1F1E8;&#x1F1E6<\/center> <\/strong>\n<center><form action=\"https:\/\/www.paypal.com\/donate\" method=\"post\" target=\"_top\">\n<input type=\"hidden\" name=\"hosted_button_id\" value=\"U5DEZLFTGGSU2\" \/>\n<input type=\"image\" src=\"https:\/\/www.paypalobjects.com\/fr_CA\/i\/btn\/btn_donateCC_LG.gif\" border=\"0\" name=\"submit\" title=\"PayPal - The safer, easier way to pay online!\" alt=\"Donate with PayPal button\" \/>\n<img loading=\"lazy\" decoding=\"async\" alt=\"\" border=\"0\" src=\"https:\/\/www.paypal.com\/fr_CA\/i\/scr\/pixel.gif\" width=\"1\" height=\"1\" \/>\n<\/form>\n<\/center>\t\t\t\t<\/div>\n\t\t\t\t<div class=\"elementor-element elementor-element-5a1927a elementor-widget elementor-widget-spacer\" data-id=\"5a1927a\" data-element_type=\"widget\" data-e-type=\"widget\" data-widget_type=\"spacer.default\">\n\t\t\t\t\t\t\t<div class=\"elementor-spacer\">\n\t\t\t<div class=\"elementor-spacer-inner\"><\/div>\n\t\t<\/div>\n\t\t\t\t\t\t<\/div>\n\t\t\t\t<div class=\"elementor-element elementor-element-da3467e elementor-widget elementor-widget-text-editor\" data-id=\"da3467e\" data-element_type=\"widget\" data-e-type=\"widget\" data-widget_type=\"text-editor.default\">\n\t\t\t\t\t\t\t\t\t<form action=\"https:\/\/www.paypal.com\/donate\" method=\"post\" target=\"_top\"><img loading=\"lazy\" decoding=\"async\" class=\"aligncenter\" src=\"https:\/\/www.paypal.com\/fr_FR\/i\/scr\/pixel.gif\" alt=\"\" width=\"1\" height=\"1\" border=\"0\" \/><\/form>\t\t\t\t\t\t\t\t<\/div>\n\t\t\t\t\t<\/div>\n\t\t<\/div>\n\t\t\t\t\t<\/div>\n\t\t<\/section>\n\t\t\t\t<\/div>\n\t\t","protected":false},"excerpt":{"rendered":"<div class=\"tmnf_excerpt\"><p>Comment nous soutenir ?\u00a0 Vous<\/p>\n<\/div>","protected":false},"author":1,"featured_media":0,"parent":0,"menu_order":0,"comment_status":"closed","ping_status":"closed","template":"homepage-hero-cover_alt.php","meta":{"give_campaign_id":0,"_bbp_topic_count":0,"_bbp_reply_count":0,"_bbp_total_topic_count":0,"_bbp_total_reply_count":0,"_bbp_voice_count":0,"_bbp_anonymous_reply_count":0,"_bbp_topic_count_hidden":0,"_bbp_reply_count_hidden":0,"_bbp_forum_subforum_count":0,"_monsterinsights_skip_tracking":false,"_monsterinsights_sitenote_active":false,"_monsterinsights_sitenote_note":"","_monsterinsights_sitenote_category":0,"kk_blocks_editor_width":"","_kiokenblocks_attr":"","_kiokenblocks_dimensions":"","footnotes":""},"class_list":["post-893","page","type-page","status-publish","hentry"],"aioseo_notices":[],"campaignId":"","_links":{"self":[{"href":"https:\/\/coeursdisposes.org\/index.php\/wp-json\/wp\/v2\/pages\/893","targetHints":{"allow":["GET"]}}],"collection":[{"href":"https:\/\/coeursdisposes.org\/index.php\/wp-json\/wp\/v2\/pages"}],"about":[{"href":"https:\/\/coeursdisposes.org\/index.php\/wp-json\/wp\/v2\/types\/page"}],"author":[{"embeddable":true,"href":"https:\/\/coeursdisposes.org\/index.php\/wp-json\/wp\/v2\/users\/1"}],"replies":[{"embeddable":true,"href":"https:\/\/coeursdisposes.org\/index.php\/wp-json\/wp\/v2\/comments?post=893"}],"version-history":[{"count":404,"href":"https:\/\/coeursdisposes.org\/index.php\/wp-json\/wp\/v2\/pages\/893\/revisions"}],"predecessor-version":[{"id":31753,"href":"https:\/\/coeursdisposes.org\/index.php\/wp-json\/wp\/v2\/pages\/893\/revisions\/31753"}],"wp:attachment":[{"href":"https:\/\/coeursdisposes.org\/index.php\/wp-json\/wp\/v2\/media?parent=893"}],"curies":[{"name":"wp","href":"https:\/\/api.w.org\/{rel}","templated":true}]}}